{"id":2901,"date":"2022-12-29T21:25:31","date_gmt":"2022-12-29T18:25:31","guid":{"rendered":"http:\/\/www.hasmermozaik.com\/?page_id=2901"},"modified":"2022-12-29T21:25:31","modified_gmt":"2022-12-29T18:25:31","slug":"ozel-calisma","status":"publish","type":"page","link":"https:\/\/www.hasmermozaik.com\/?page_id=2901","title":{"rendered":"\u00d6ZEL \u00c7ALI\u015eMA"},"content":{"rendered":"","protected":false},"excerpt":{"rendered":"","protected":false},"author":1,"featured_media":0,"parent":0,"menu_order":0,"comment_status":"closed","ping_status":"closed","template":"","meta":{"footnotes":""},"class_list":["post-2901","page","type-page","status-publish","hentry"],"_links":{"self":[{"href":"https:\/\/www.hasmermozaik.com\/index.php?rest_route=\/wp\/v2\/pages\/2901","targetHints":{"allow":["GET"]}}],"collection":[{"href":"https:\/\/www.hasmermozaik.com\/index.php?rest_route=\/wp\/v2\/pages"}],"about":[{"href":"https:\/\/www.hasmermozaik.com\/index.php?rest_route=\/wp\/v2\/types\/page"}],"author":[{"embeddable":true,"href":"https:\/\/www.hasmermozaik.com\/index.php?rest_route=\/wp\/v2\/users\/1"}],"replies":[{"embeddable":true,"href":"https:\/\/www.hasmermozaik.com\/index.php?rest_route=%2Fwp%2Fv2%2Fcomments&post=2901"}],"version-history":[{"count":1,"href":"https:\/\/www.hasmermozaik.com\/index.php?rest_route=\/wp\/v2\/pages\/2901\/revisions"}],"predecessor-version":[{"id":2904,"href":"https:\/\/www.hasmermozaik.com\/index.php?rest_route=\/wp\/v2\/pages\/2901\/revisions\/2904"}],"wp:attachment":[{"href":"https:\/\/www.hasmermozaik.com\/index.php?rest_route=%2Fwp%2Fv2%2Fmedia&parent=2901"}],"curies":[{"name":"wp","href":"https:\/\/api.w.org\/{rel}","templated":true}]}}