{"id":3044,"date":"2015-02-02T04:29:48","date_gmt":"2015-02-02T04:29:48","guid":{"rendered":"http:\/\/rttheme19.rtthemes.com\/?page_id=4"},"modified":"2026-02-11T00:14:51","modified_gmt":"2026-02-10T21:14:51","slug":"home-page","status":"publish","type":"page","link":"https:\/\/www.hasmermozaik.com\/","title":{"rendered":"Home Page"},"content":{"rendered":"\n<div  class=\"content_row row default-style fullwidth\" >\n\t\n\t<div class=\"content_row_wrapper  nopadding fullwidth\" >\n\t<div class=\"col col-xs-12 col-sm-12\">\n\t\t\t<div id=\"content-slider-223629\" style=\"min-height:600px;\" class=\"rt-carousel main-carousel carousel-holder clearfix\" data-item-width=\"1\" data-nav=\"true\" data-dots=\"true\" data-parallax=\"true\" data-timeout=\"12000\" data-autoplay=\"true\">\n<div class=\"owl-carousel\">\n\n\t\t<div class=\"item  alt-style-2 slide-background\" style=\"background-image: url(https:\/\/www.hasmermozaik.com\/wp-content\/uploads\/2020\/05\/WhatsApp-Image-2019-05-27-at-18.08.25-5.jpeg);background-repeat: no-repeat;background-size: cover;background-position: center center;min-height: 600px;\">\n\t\t\t\n\t\t\t<div class=\"slide-content-wrapper fullwidth clearfix\">\n\t\t\t\t<div class=\"slide-content animation  right\" style=\"width: 50%;background-color: rgba(0,0,0,0.2);margin-top: 180px;\">\t\t\t\t\t\n\t\t\t\t\t\n<h2>\u0130STANBUL HAVALANINDA<\/h2>\n<p>MOZA\u0130K MASALAR\n\t\t\t\t<\/div>\n\t\t\t<\/div>\n\t\t<\/div>\n\t\t<div class=\"item  light-style slide-background\" style=\"background-image: url(https:\/\/www.hasmermozaik.com\/wp-content\/uploads\/2020\/05\/20180702_100825-2-scaled.jpg);background-repeat: no-repeat;background-size: cover;background-position: center center;min-height: 600px;\">\n\t\t\t<a href=\"#\" target=\"_self\" title=\"Slide Two\"><\/a>\n\t\t\t<div class=\"slide-content-wrapper default clearfix\">\n\t\t\t\t<div class=\"slide-content animation  right\" style=\"width: 50%;background-color: rgba(0,0,0,0.15);margin-top: 200px;\">\t\t\t\t\t\n\t\t\t\t\t\n<h2>SEFERH\u0130SARDA G\u00dcZEL B\u0130R V\u0130LLADA<\/h2>\n<h1>MOZA\u0130K MASA<\/h1>\n\n\t\t\t\t<\/div>\n\t\t\t<\/div>\n\t\t<\/div>\n\t\t<div class=\"item  default-style slide-background\" style=\"background-image: url(https:\/\/www.hasmermozaik.com\/wp-content\/uploads\/2020\/05\/14.jpg);background-repeat: no-repeat;background-size: cover;background-position: center center;min-height: 600px;\">\n\t\t\t\n\t\t\t<div class=\"slide-content-wrapper default clearfix\">\n\t\t\t\t<div class=\"slide-content animation  right\" style=\"width: 60%;background-color: rgba(255,255,255,0.62);margin-top: 200px;\">\t\t\t\t\t\n\t\t\t\t\t\n<h1>AY G\u00dcNE\u015e TEMALI MOZA\u0130K<\/h1>\n<h3>M\u00fc\u015fterimizin d\u00f6vmesinden yola \u00e7\u0131karak yapt\u0131\u011f\u0131m\u0131z mozaik<\/h3>\n\n\t\t\t\t<\/div>\n\t\t\t<\/div>\n\t\t<\/div>\n\t\t<div class=\"item  global-style slide-background\" style=\"background-image: url(https:\/\/www.hasmermozaik.com\/wp-content\/uploads\/2020\/05\/ahsap.jpg);background-repeat: no-repeat;background-size: contain;background-position: center center;min-height: 600px;\">\n\t\t\t\n\t\t\t<div class=\"slide-content-wrapper default clearfix\">\n\t\t\t\t<div class=\"slide-content animation  left\" style=\"width: 60%;background-color: rgba(137,137,137,0.61);\">\t\t\t\t\t\n\t\t\t\t\t\n<h1>AH\u015eAP \u00c7ER\u00c7EVEL\u0130 MOZA\u0130KLER<\/h1>\n\n\t\t\t\t<\/div>\n\t\t\t<\/div>\n\t\t<\/div>\n\t\t<div class=\"item  global-style slide-background\" style=\"background-image: url(https:\/\/www.hasmermozaik.com\/wp-content\/uploads\/2023\/01\/IMG_3110-scaled.jpg);background-repeat: no-repeat;background-size: cover;background-position: center center;min-height: 600px;\">\n\t\t\t\n\t\t\t<div class=\"slide-content-wrapper fullwidth clearfix\">\n\t\t\t\t<div class=\"slide-content animation  right\" style=\"width: 40%;background-color: #d6d6d6;\">\t\t\t\t\t\n\t\t\t\t\t\n<h1>BAH\u00c7E MASASI<\/h1>\n\n\t\t\t\t<\/div>\n\t\t\t<\/div>\n\t\t<\/div><\/div>\n<\/div>\n\n\t<\/div>\n<\/div>\n<\/div>\n\n<div  class=\"content_row row default-style fullwidth fixed_heights border_grid fixed_heights animate-cols border-bottom\" >\n\t\n\t<div class=\"content_row_wrapper  align-contents content-align-middle default\" style=\"padding-top:45px;padding-bottom:45px;\">\n\t<div class=\"col col-xs-12 col-sm-8\">\n\t\t\t<div class=\"rt_heading_wrapper \" style=\"padding-bottom:0px;\">\n\t\t\t\t\t\t<h5 class=\"rt_heading  alignleft mobile_aligncenter \"  style=\"margin-bottom:0px;\"> [rt_highlight]Hasmer\u00a0 Mozaik ve Mermer Sanayi[\/rt_highlight] 1979 y\u0131l\u0131ndan g\u00fcn\u00fcm\u00fcze uzanan bu yolda MOZA\u0130K, MERMER, GRAN\u0130T VE \u00c7\u0130MSTONE ile Mermer, \u0130n\u015faat ve Mobilya sekt\u00f6r\u00fcnde \u00fcr\u00fcn ve uygulamalar\u0131yla hizmet etmektedir.<\/h5>\n\t\t\t\t\t<\/div>\n\t<\/div>\n\n\t<div class=\"col col-xs-12 col-sm-4\">\n\t\t\t<div class=\"button_wrapper  aligncenter\"><a  href=\"https:\/\/www.hasmermozaik.com\/?page_id=2949\" target=\"_self\" title=\"Discover\" class=\"button_  heading-font color medium\" style=\"font-size:18px;padding-left:50px;padding-right:50px;\"><span class=\"icon-new-attach-1\"><\/span>DAHA FAZLASINI KE\u015eFED\u0130N<\/a><\/div>\n\t<\/div>\n<\/div>\n<\/div>\n\n<div  class=\"content_row row alt-style-1 fullwidth border_grid fixed_heights animate-cols border-bottom\" >\n\t\n\t<div class=\"content_row_wrapper  default\" style=\"padding-top:50px;padding-bottom:50px;\">\n\t<div class=\"col col-xs-12 col-sm-4\">\n\t\t\t<article  class=\"icon-content-box content-box icon-left icon-style-1\"><div class=\"icon-holder\"><span class=\"icon-mobile\"><\/span><\/div><div class=\"text-holder\"><h5 class=\"heading\">\u00d6ZENL\u0130 TASARIM<\/h5> S\u00fcrekli kendini geli\u015ftiren ve 2000 \u00fczerinde modelleriyle\u00a0 kalite ve \u00e7e\u015fitlili\u011fe \u00f6nem veren HASMER MOZA\u0130K m\u00fc\u015fteri talepleriyle yoluna devam ediyor.<\/div><\/article>\n\t<\/div>\n\n\t<div class=\"col col-xs-12 col-sm-4\">\n\t\t\t<article  class=\"icon-content-box content-box icon-left icon-style-1\"><div class=\"icon-holder\"><span class=\"icon-layers\"><\/span><\/div><div class=\"text-holder\"><h5 class=\"heading\">TEKN\u0130K \u00d6ZELL\u0130KLER<\/h5> Yerli Do\u011fal Ta\u015f ve Mermer kullanan HASMER MOZA\u0130K , tek tek par\u00e7alar\u0131 yap\u0131\u015ft\u0131rarak mozaik desenleri olu\u015fturmaktad\u0131r.<\/p>\n<p>Mozaik masalar 3 cm kal\u0131nl\u0131\u011f\u0131nda ,bah\u00e7e,teras ve i\u00e7 mekanda kullan\u0131l\u0131r.renkli mermer ve de\u011fi\u015fik renkte traverten kullan\u0131l\u0131r.<\/p>\n<p>mozaik masalar\u0131n y\u00fczeyi eskitme ve cilal\u0131 olmak \u00fczere iki t\u00fcrl\u00fc yap\u0131l\u0131r.<\/div><\/article>\n\t<\/div>\n\n\t<div class=\"col col-xs-12 col-sm-4\">\n\t\t\t<article  class=\"icon-content-box content-box icon-left icon-style-1\"><div class=\"icon-holder\"><span class=\"icon-credit-card\"><\/span><\/div><div class=\"text-holder\"><h5 class=\"heading\">S\u0130PAR\u0130\u015e VE NAKL\u0130YE DESTE\u011e\u0130<\/h5> Sipari\u015f sonras\u0131 en fazla \u00fczerinde konu\u015fulan sevkiyat durumudur.HASMER MOZA\u0130K M\u00fc\u015fteri talebi do\u011frultusunda en uygun sevkiyat\u0131 sa\u011flanmas\u0131 i\u00e7in yard\u0131mc\u0131 olmaktad\u0131r<\/div><\/article>\n\t<\/div>\n<\/div>\n<\/div>\n\n<div  class=\"content_row row alt-style-1 fullwidth border_grid fixed_heights animate-cols border-bottom\" >\n\t\n\t<div class=\"content_row_wrapper  default\" style=\"padding-top:50px;padding-bottom:50px;\">\n\t<div class=\"col col-xs-12 col-sm-4\">\n\t\t\t<article  class=\"icon-content-box content-box icon-left icon-style-1\"><div class=\"icon-holder\"><span class=\"icon-diamond\"><\/span><\/div><div class=\"text-holder\"><h5 class=\"heading\">MOZA\u0130KLER NERDE KULLANILIR<\/h5> \n<ul>\n<li>Kafe Masalar\u0131<\/li>\n<li>Yer G\u00f6bekleri<\/li>\n<li>Duvar Kaplamalar\u0131<\/li>\n<li>Bar kaplamas\u0131<\/li>\n<li>Bah\u00e7e Masalar\u0131<\/li>\n<li>Teras Masalar\u0131<\/li>\n<li>Merdiven Basama\u011f\u0131 r\u0131htlar\u0131<\/li>\n<\/ul>\n<\/div><\/article>\n\t<\/div>\n\n\t<div class=\"col col-xs-12 col-sm-4\">\n\t\t\t<article  class=\"icon-content-box content-box icon-left icon-style-1\"><div class=\"icon-holder\"><span class=\"icon-cog-1\"><\/span><\/div><div class=\"text-holder\"><h5 class=\"heading\">MOZA\u0130K \u00c7E\u015e\u0130TLER\u0130M\u0130Z<\/h5> \n<ul>\n<li>madalyon mozaikler<\/li>\n<li>kare mozaikler<\/li>\n<li>dikd\u00f6rtgen mozaikler<\/li>\n<li>ferforjeli mozaikler<\/li>\n<li>fileli mozaikler<\/li>\n<li>duvar mozaikleri<\/li>\n<\/ul>\n<\/div><\/article>\n\t<\/div>\n\n\t<div class=\"col col-xs-12 col-sm-4\">\n\t\t\t<article  class=\"icon-content-box content-box icon-left icon-style-1\"><div class=\"icon-holder\"><span class=\"icon-lifebuoy\"><\/span><\/div><div class=\"text-holder\"><h5 class=\"heading\">TEKN\u0130K \u00d6ZELL\u0130KLER<\/h5> <\/div><\/article>[vc_gallery interval=&#8221;3&#8243; images=&#8221;3423,3424,3425,3427,3426,3428&#8243;]\n\t<\/div>\n<\/div>\n<\/div>\n\n<div  class=\"content_row row default-style fullwidth border_grid fixed_heights animate-cols\" >\n\t\n\t<div class=\"content_row_wrapper  align-contents content-align-middle default\" style=\"padding-top:60px;padding-bottom:60px;\">\n\t<div class=\"col col-xs-12 col-sm-4\">\n\t\t\t<div class=\"rt_heading_wrapper style-5\">\n\t\t\t\t\t\t<span class=\"punchline\">\u00dcRET\u0130MDEN S\u0130ZE<\/span><h4 class=\"rt_heading  with_punchline style-5\" >EN YEN\u0130 \u00dcR\u00dcNLER\u0130M\u0130Z<\/h4>\n\t\t\t\t\t<\/div>\n\t<div id=\"\" class=\"rt_text_column rt_content_element \">\n\t\t\n\t<\/div>\n<a  href=\"#\" target=\"_self\" title=\"T\u00fcm \u00dcr\u00fcnlerimiz\" class=\"read_more  heading-font text small alignleft\">T\u00fcm \u00dcr\u00fcnlerimiz<\/a>\n\t<\/div>\n\n\t<div class=\"col col-xs-12 col-sm-8\">\n\t\t\t\r\n\t\t\t\t<div id=\"slider-product-dynamicID-243624\" class=\"rt-carousel rt-image-carousel carousel-holder clearfix product-carousel\" data-item-width=\"3\" data-nav=\"false\" data-dots=\"true\" data-margin=\"25\" data-autoplay=\"false\" data-timeout=\"5000\" data-loop=\"false\" data-tablet-item-width=\"\" data-mobile-item-width=\"1\">\r\n\t\t\t\t\t<div class=\"owl-carousel\">\r\n\t\t\t\t\t\t<div><div class=\"product_item_holder item product  dortgen-mozaikler mozaikler\">\n\n<div class=\"product_item_holder\">\n\n\t\t\t<div class=\"featured_image\"> \n\t\t\t<!-- product image -->\n\t\t\t<div class=\"featured_image\"> \n\t\t\t\t<a href=\"https:\/\/www.hasmermozaik.com\/?products=hmk8\" title=\"HMK8\" rel=\"bookmark\" class=\"imgeffect link\"><img decoding=\"async\" src=\"https:\/\/www.hasmermozaik.com\/wp-content\/uploads\/2023\/01\/HMK8--400x300.jpg\" alt=\"\" class=\"\" \/><\/a> \n\t\t\t<\/div> \n\t\t<\/div> \n\t\n\n\t\n\t\t\t\t\t\t\n\t\t<div class=\"product_info\">\n\n\t\t\t\t\t\t\t\t<!-- title-->\n\t\t\t\t<h5 class=\"clean_heading\"><a href=\"https:\/\/www.hasmermozaik.com\/?products=hmk8\" title=\"HMK8\" rel=\"bookmark\">HMK8<\/a><\/h5>\n\t\t\t\t\n\t\t\t\t<!-- text-->\n\t\t\t\t\n\t\t\t\t<div class=\"product_info_footer clearfix\"><div class=\"action_buttons\"><a href=\"https:\/\/www.hasmermozaik.com\/?products=hmk8\" title=\"HMK8\" class=\"details icon-angle-right\">Details<\/a><\/div><\/div> \t\t\n\n\t\t<\/div>\n\t\t\n\n\t\n<\/div><\/div>\n<\/div><div><div class=\"product_item_holder item product  dortgen-mozaikler mozaikler\">\n\n<div class=\"product_item_holder\">\n\n\t\t\t<div class=\"featured_image\"> \n\t\t\t<!-- product image -->\n\t\t\t<div class=\"featured_image\"> \n\t\t\t\t<a href=\"https:\/\/www.hasmermozaik.com\/?products=hmk7\" title=\"HMK7\" rel=\"bookmark\" class=\"imgeffect link\"><img decoding=\"async\" src=\"https:\/\/www.hasmermozaik.com\/wp-content\/uploads\/2023\/01\/HMK7--400x300.jpg\" alt=\"\" class=\"\" \/><\/a> \n\t\t\t<\/div> \n\t\t<\/div> \n\t\n\n\t\n\t\t\t\t\t\t\n\t\t<div class=\"product_info\">\n\n\t\t\t\t\t\t\t\t<!-- title-->\n\t\t\t\t<h5 class=\"clean_heading\"><a href=\"https:\/\/www.hasmermozaik.com\/?products=hmk7\" title=\"HMK7\" rel=\"bookmark\">HMK7<\/a><\/h5>\n\t\t\t\t\n\t\t\t\t<!-- text-->\n\t\t\t\t\n\t\t\t\t<div class=\"product_info_footer clearfix\"><div class=\"action_buttons\"><a href=\"https:\/\/www.hasmermozaik.com\/?products=hmk7\" title=\"HMK7\" class=\"details icon-angle-right\">Details<\/a><\/div><\/div> \t\t\n\n\t\t<\/div>\n\t\t\n\n\t\n<\/div><\/div>\n<\/div><div><div class=\"product_item_holder item product  dortgen-mozaikler mozaikler\">\n\n<div class=\"product_item_holder\">\n\n\t\t\t<div class=\"featured_image\"> \n\t\t\t<!-- product image -->\n\t\t\t<div class=\"featured_image\"> \n\t\t\t\t<a href=\"https:\/\/www.hasmermozaik.com\/?products=hmk6\" title=\"HMK6\" rel=\"bookmark\" class=\"imgeffect link\"><img decoding=\"async\" src=\"https:\/\/www.hasmermozaik.com\/wp-content\/uploads\/2023\/01\/HMK6-400x300.jpg\" alt=\"\" class=\"\" \/><\/a> \n\t\t\t<\/div> \n\t\t<\/div> \n\t\n\n\t\n\t\t\t\t\t\t\n\t\t<div class=\"product_info\">\n\n\t\t\t\t\t\t\t\t<!-- title-->\n\t\t\t\t<h5 class=\"clean_heading\"><a href=\"https:\/\/www.hasmermozaik.com\/?products=hmk6\" title=\"HMK6\" rel=\"bookmark\">HMK6<\/a><\/h5>\n\t\t\t\t\n\t\t\t\t<!-- text-->\n\t\t\t\t\n\t\t\t\t<div class=\"product_info_footer clearfix\"><div class=\"action_buttons\"><a href=\"https:\/\/www.hasmermozaik.com\/?products=hmk6\" title=\"HMK6\" class=\"details icon-angle-right\">Details<\/a><\/div><\/div> \t\t\n\n\t\t<\/div>\n\t\t\n\n\t\n<\/div><\/div>\n<\/div><div><div class=\"product_item_holder item product  dortgen-mozaikler mozaikler\">\n\n<div class=\"product_item_holder\">\n\n\t\t\t<div class=\"featured_image\"> \n\t\t\t<!-- product image -->\n\t\t\t<div class=\"featured_image\"> \n\t\t\t\t<a href=\"https:\/\/www.hasmermozaik.com\/?products=hmk5\" title=\"HMK5\" rel=\"bookmark\" class=\"imgeffect link\"><img decoding=\"async\" src=\"https:\/\/www.hasmermozaik.com\/wp-content\/uploads\/2023\/01\/HMK5--400x300.jpg\" alt=\"\" class=\"\" \/><\/a> \n\t\t\t<\/div> \n\t\t<\/div> \n\t\n\n\t\n\t\t\t\t\t\t\n\t\t<div class=\"product_info\">\n\n\t\t\t\t\t\t\t\t<!-- title-->\n\t\t\t\t<h5 class=\"clean_heading\"><a href=\"https:\/\/www.hasmermozaik.com\/?products=hmk5\" title=\"HMK5\" rel=\"bookmark\">HMK5<\/a><\/h5>\n\t\t\t\t\n\t\t\t\t<!-- text-->\n\t\t\t\t\n\t\t\t\t<div class=\"product_info_footer clearfix\"><div class=\"action_buttons\"><a href=\"https:\/\/www.hasmermozaik.com\/?products=hmk5\" title=\"HMK5\" class=\"details icon-angle-right\">Details<\/a><\/div><\/div> \t\t\n\n\t\t<\/div>\n\t\t\n\n\t\n<\/div><\/div>\n<\/div><div><div class=\"product_item_holder item product  dortgen-mozaikler mozaikler\">\n\n<div class=\"product_item_holder\">\n\n\t\t\t<div class=\"featured_image\"> \n\t\t\t<!-- product image -->\n\t\t\t<div class=\"featured_image\"> \n\t\t\t\t<a href=\"https:\/\/www.hasmermozaik.com\/?products=hmk4\" title=\"HMK4\" rel=\"bookmark\" class=\"imgeffect link\"><img decoding=\"async\" src=\"https:\/\/www.hasmermozaik.com\/wp-content\/uploads\/2023\/01\/HMK4-copy-400x300.jpg\" alt=\"\" class=\"\" \/><\/a> \n\t\t\t<\/div> \n\t\t<\/div> \n\t\n\n\t\n\t\t\t\t\t\t\n\t\t<div class=\"product_info\">\n\n\t\t\t\t\t\t\t\t<!-- title-->\n\t\t\t\t<h5 class=\"clean_heading\"><a href=\"https:\/\/www.hasmermozaik.com\/?products=hmk4\" title=\"HMK4\" rel=\"bookmark\">HMK4<\/a><\/h5>\n\t\t\t\t\n\t\t\t\t<!-- text-->\n\t\t\t\t\n\t\t\t\t<div class=\"product_info_footer clearfix\"><div class=\"action_buttons\"><a href=\"https:\/\/www.hasmermozaik.com\/?products=hmk4\" title=\"HMK4\" class=\"details icon-angle-right\">Details<\/a><\/div><\/div> \t\t\n\n\t\t<\/div>\n\t\t\n\n\t\n<\/div><\/div>\n<\/div><div><div class=\"product_item_holder item product  dortgen-mozaikler mozaikler\">\n\n<div class=\"product_item_holder\">\n\n\t\t\t<div class=\"featured_image\"> \n\t\t\t<!-- product image -->\n\t\t\t<div class=\"featured_image\"> \n\t\t\t\t<a href=\"https:\/\/www.hasmermozaik.com\/?products=hmk3\" title=\"HMK3\" rel=\"bookmark\" class=\"imgeffect link\"><img decoding=\"async\" src=\"https:\/\/www.hasmermozaik.com\/wp-content\/uploads\/2023\/01\/HMK3-copy-400x300.jpg\" alt=\"\" class=\"\" \/><\/a> \n\t\t\t<\/div> \n\t\t<\/div> \n\t\n\n\t\n\t\t\t\t\t\t\n\t\t<div class=\"product_info\">\n\n\t\t\t\t\t\t\t\t<!-- title-->\n\t\t\t\t<h5 class=\"clean_heading\"><a href=\"https:\/\/www.hasmermozaik.com\/?products=hmk3\" title=\"HMK3\" rel=\"bookmark\">HMK3<\/a><\/h5>\n\t\t\t\t\n\t\t\t\t<!-- text-->\n\t\t\t\t\n\t\t\t\t<div class=\"product_info_footer clearfix\"><div class=\"action_buttons\"><a href=\"https:\/\/www.hasmermozaik.com\/?products=hmk3\" title=\"HMK3\" class=\"details icon-angle-right\">Details<\/a><\/div><\/div> \t\t\n\n\t\t<\/div>\n\t\t\n\n\t\n<\/div><\/div>\n<\/div>\r\n\t\t\t\t\t<\/div>\r\n\t\t\t\t\t\r\n\t\t\t\t<div id=\"slider-product-dynamicID-243624-dots\" class=\"dots-holder\">\r\n\t\t\t\t<\/div>\r\n\t\t\t\r\n\t\t\t\t<\/div>\r\n\t\t\t\n\t<\/div>\n<\/div>\n<\/div>\n\n<div  class=\"content_row row alt-style-2 fullwidth border_grid fixed_heights animate-cols\" >\n\t\n\t<div class=\"content_row_wrapper  align-contents content-align-middle default\" style=\"padding-top:60px;padding-bottom:60px;\">\n\t<div class=\"col col-xs-12 col-sm-4\">\n\t\t\t<div class=\"rt_heading_wrapper style-5\">\n\t\t\t\t\t\t<span class=\"punchline\">WHAT THEY ARE SAYING<\/span><h4 class=\"rt_heading  with_punchline style-5\" >TESTIMONIALS<\/h4>\n\t\t\t\t\t<\/div>\n\t<div id=\"\" class=\"rt_text_column rt_content_element \">\n\t\tQuisque <a href=\"#\">hendrerit<\/a> nisi a imperdiet congue.\n\t<\/div>\n\n\t<\/div>\n\n\t<div class=\"col col-xs-12 col-sm-8\">\n\t\t\t\r\n\t\t\t\t<div id=\"slider-testimonial-dynamicID-180423\" class=\"rt-carousel rt-image-carousel carousel-holder clearfix testimonial-carousel testimonials left\" data-item-width=\"1\" data-nav=\"false\" data-dots=\"true\" data-margin=\"15\" data-autoplay=\"false\" data-timeout=\"5000\" data-loop=\"false\" data-tablet-item-width=\"\" data-mobile-item-width=\"1\">\r\n\t\t\t\t\t<div class=\"owl-carousel\">\r\n\t\t\t\t\t\t<div><div class=\"testimonial item\">\n\n<div class=\"client_image gradient\">\n\t<img decoding=\"async\" src=\"https:\/\/www.hasmermozaik.com\/wp-content\/uploads\/2020\/05\/cropped-son-3-400x400.png\" alt=\"\" class=\"\" \/><\/div>\n\n\n<div class=\"text with_image\">\n\t<p>\n\t\t<span class=\"icon-quote-left\"><\/span>\n\t\t\t1979 y\u0131l\u0131ndan g\u00fcn\u00fcm\u00fcze uzanan bu yolda MOZA\u0130K,MERMER,GRAN\u0130T VE \u00c7\u0130MSTONE ileMermer,\u0130n\u015faat ve Mobilya sekt\u00f6r\u00fcnde \u00fcr\u00fcn ve uygulamalar\u0131yla hizmet etmektedir.\t\t<span class=\"icon-quote-right\"><\/span>\n\t<\/p>\n\t<div class=\"client_info\">\n\n\t\t\tErhan \u0130skendero\u011flu \n\t\t- <span>CEO<\/span>\t\t\n\t\t\t\t\t\n\t\t\n\n\t<\/div>\n<\/div><\/div>\n<\/div><div><div class=\"testimonial item\">\n\n<div class=\"client_image gradient\">\n\t<img decoding=\"async\" src=\"https:\/\/www.hasmermozaik.com\/wp-content\/uploads\/2015\/02\/face-8.jpg\" alt=\"\" class=\"\" \/><\/div>\n\n\n<div class=\"text with_image\">\n\t<p>\n\t\t<span class=\"icon-quote-left\"><\/span>\n\t\t\tIn enim justo, rhoncus ut, imperdiet a, venenatis vitae, justo. Nullam dictum felis eu pede mollis pretium. Integer tincidunt. Cras dapibus. Vivamus elementum semper nisi. Aenean vulputate eleifend tellus.\t\t<span class=\"icon-quote-right\"><\/span>\n\t<\/p>\n\t<div class=\"client_info\">\n\n\t\t\tWilliam Woe \n\t\t- <span>CEO<\/span>\t\t\n\t\t<a href=\"http:\/\/themeforest.net\" target=\"_blank\" title=\"ThemeForest\" class=\"client_link\">ThemeForest<\/a>\t\t\t\n\t\t\n\n\t<\/div>\n<\/div><\/div>\n<\/div><div><div class=\"testimonial item\">\n\n\n\n<div class=\"text \">\n\t<p>\n\t\t<span class=\"icon-quote-left\"><\/span>\n\t\t\tIn enim justo, rhoncus ut, imperdiet a, venenatis vitae, justo. Nullam dictum felis eu pede mollis pretium. Integer tincidunt. Cras dapibus. Vivamus elementum semper nisi. Aenean vulputate eleifend tellus.\t\t<span class=\"icon-quote-right\"><\/span>\n\t<\/p>\n\t<div class=\"client_info\">\n\n\t\t\tWilliam Woe \n\t\t- <span>CEO<\/span>\t\t\n\t\t<a href=\"http:\/\/themeforest.net\" target=\"_blank\" title=\"ThemeForest\" class=\"client_link\">ThemeForest<\/a>\t\t\t\n\t\t\n\n\t<\/div>\n<\/div><\/div>\n<\/div><div><div class=\"testimonial item\">\n\n<div class=\"client_image gradient\">\n\t<img decoding=\"async\" src=\"https:\/\/www.hasmermozaik.com\/wp-content\/uploads\/2015\/02\/face-7.jpg\" alt=\"\" class=\"\" \/><\/div>\n\n\n<div class=\"text with_image\">\n\t<p>\n\t\t<span class=\"icon-quote-left\"><\/span>\n\t\t\tDonec quam felis, ultricies nec, pellentesque eu, pretium quis, sem. Nulla consequat massa quis enim. Donec pede justo, fringilla vel, aliquet nec, vulputate eget, arcu.\t\t<span class=\"icon-quote-right\"><\/span>\n\t<\/p>\n\t<div class=\"client_info\">\n\n\t\t\tRobert Roe \n\t\t- <span>WordPress Specialist<\/span>\t\t\n\t\t<a href=\"http:\/\/envato.com\" target=\"_blank\" title=\"Envato\" class=\"client_link\">Envato<\/a>\t\t\t\n\t\t\n\n\t<\/div>\n<\/div><\/div>\n<\/div>\r\n\t\t\t\t\t<\/div>\r\n\t\t\t\t\t\r\n\t\t\t\t<div id=\"slider-testimonial-dynamicID-180423-dots\" class=\"dots-holder\">\r\n\t\t\t\t<\/div>\r\n\t\t\t\r\n\t\t\t\t<\/div>\r\n\t\t\t\n\t<\/div>\n<\/div>\n<\/div>\n\n<div  class=\"content_row row alt-style-2 fullwidth animate-cols has-bg-image\" style=\"background-image: url(https:\/\/www.hasmermozaik.com\/wp-content\/uploads\/2023\/01\/WhatsApp-Image-2022-11-24-at-00.12.50-2-e1672953269184.jpeg);background-repeat: no-repeat;background-size: contain;background-attachment: fixed;background-position: left center;background-color: #c1c1c1;\">\n\t\n\t<div class=\"content_row_wrapper  default\" style=\"padding-top:120px;padding-bottom:120px;padding-left:0px;padding-right:0px;\">\n\t<div class=\"col col-xs-12 col-sm-4\">\n\t\t\t\n\t<\/div>\n\n\t<div class=\"col col-xs-12 col-sm-8\" style=\"padding-top:40px;padding-bottom:40px;padding-left:40px;padding-right:40px;background-color: rgba(0,0,0,0.66);\">\n\t\t\t<div class=\"rt_heading_wrapper style-5\">\n\t\t\t\t\t\t<h4 class=\"rt_heading  style-5\"  style=\"font-size:30px;\">MOZA\u0130K UYGULAMALARI<\/h4>\n\t\t\t\t\t<\/div>[vc_gallery type=&#8221;image_grid&#8221; images=&#8221;3330,3325,3321,3320,3323&#8243;][vc_empty_space height=&#8221;10px&#8221;]<div class=\"button_wrapper  alignleft\"><a  href=\"#\" target=\"_self\" title=\"Daha Fazlas\u0131\" class=\"button_  heading-font default small\"><span class=\"icon-angle-right\"><\/span>Daha Fazlas\u0131<\/a><\/div>\n\t<\/div>\n<\/div>\n<\/div>\n\n","protected":false},"excerpt":{"rendered":"","protected":false},"author":1,"featured_media":0,"parent":0,"menu_order":0,"comment_status":"open","ping_status":"open","template":"","meta":{"footnotes":""},"class_list":["post-3044","page","type-page","status-publish","hentry"],"_links":{"self":[{"href":"https:\/\/www.hasmermozaik.com\/index.php?rest_route=\/wp\/v2\/pages\/3044","targetHints":{"allow":["GET"]}}],"collection":[{"href":"https:\/\/www.hasmermozaik.com\/index.php?rest_route=\/wp\/v2\/pages"}],"about":[{"href":"https:\/\/www.hasmermozaik.com\/index.php?rest_route=\/wp\/v2\/types\/page"}],"author":[{"embeddable":true,"href":"https:\/\/www.hasmermozaik.com\/index.php?rest_route=\/wp\/v2\/users\/1"}],"replies":[{"embeddable":true,"href":"https:\/\/www.hasmermozaik.com\/index.php?rest_route=%2Fwp%2Fv2%2Fcomments&post=3044"}],"version-history":[{"count":74,"href":"https:\/\/www.hasmermozaik.com\/index.php?rest_route=\/wp\/v2\/pages\/3044\/revisions"}],"predecessor-version":[{"id":3951,"href":"https:\/\/www.hasmermozaik.com\/index.php?rest_route=\/wp\/v2\/pages\/3044\/revisions\/3951"}],"wp:attachment":[{"href":"https:\/\/www.hasmermozaik.com\/index.php?rest_route=%2Fwp%2Fv2%2Fmedia&parent=3044"}],"curies":[{"name":"wp","href":"https:\/\/api.w.org\/{rel}","templated":true}]}}