{"id":3051,"date":"2015-02-21T01:17:29","date_gmt":"2015-02-21T01:17:29","guid":{"rendered":"http:\/\/rttheme19.rtthemes.com\/?page_id=2538"},"modified":"2023-01-07T01:00:44","modified_gmt":"2023-01-06T22:00:44","slug":"home-page-2","status":"publish","type":"page","link":"https:\/\/www.hasmermozaik.com\/?page_id=3051","title":{"rendered":"Home Page 2"},"content":{"rendered":"\n<div  class=\"content_row row default-style fullwidth\" >\n\t\n\t<div class=\"content_row_wrapper  nopadding fullwidth\" >\n\t<div class=\"col col-xs-12 col-sm-12\">\n\t\t\t<div id=\"content-slider-680667\" style=\"min-height:600px;\" class=\"rt-carousel main-carousel carousel-holder clearfix\" data-item-width=\"1\" data-nav=\"true\" data-dots=\"true\" data-parallax=\"true\" data-timeout=\"12000\" data-autoplay=\"true\">\n<div class=\"owl-carousel\">\n\n\t\t<div class=\"item  alt-style-2 slide-background\" style=\"background-image: url(https:\/\/www.hasmermozaik.com\/wp-content\/uploads\/2023\/01\/Screenshot_20220826-231511_WhatsApp.jpg);background-repeat: no-repeat;background-size: cover;background-position: center center;min-height: 600px;\">\n\t\t\t\n\t\t\t<div class=\"slide-content-wrapper default clearfix\">\n\t\t\t\t<div class=\"slide-content animation  left\" style=\"width: 50%;background-color: rgba(0,0,0,0.38);margin-top: 180px;\">\t\t\t\t\t\n\t\t\t\t\t\n\t\t\t\t<\/div>\n\t\t\t<\/div>\n\t\t<\/div>\n\t\t<div class=\"item  alt-style-2 slide-background\" style=\"background-image: url();background-repeat: no-repeat;background-size: cover;background-position: left top;min-height: 600px;\">\n\t\t\t\n\t\t\t<div class=\"slide-content-wrapper default clearfix\">\n\t\t\t\t<div class=\"slide-content animation  right\" style=\"width: 50%;background-color: rgba(0,0,0,0.2);margin-top: 180px;\">\t\t\t\t\t\n\t\t\t\t\t\n<h2>LOREM IPSUM DOLOR SIT AMET CONSECTETUR ADIPISCING ELIT<\/h2>\n<p>Quisque lectus nunc, <a title=\"Link title\" href=\"#\">bibendum<\/a> quis ex sed, iaculis auctor augue. Morbi molestie suscipit ipsum vel sollicitudin?\n\t\t\t\t<\/div>\n\t\t\t<\/div>\n\t\t<\/div>\n\t\t<div class=\"item  default-style slide-background\" style=\"background-image: url();background-repeat: no-repeat;background-size: cover;background-position: left center;min-height: 600px;\">\n\t\t\t\n\t\t\t<div class=\"slide-content-wrapper default clearfix\">\n\t\t\t\t<div class=\"slide-content animation  right\" style=\"width: 60%;background-color: rgba(255,255,255,0.62);margin-top: 200px;\">\t\t\t\t\t\n\t\t\t\t\t\n<h2>Curabitur maximus orci dolor<\/h2>\n<p>Phasellus pellentesque urna quis felis laoreet vestibulum. Fusce gravida sit amet massa eu lobortis. Quisque <a href=\"#\">hendrerit<\/a> nisi a imperdiet congue.\n\t\t\t\t<\/div>\n\t\t\t<\/div>\n\t\t<\/div><\/div>\n<\/div>\n\n\t<\/div>\n<\/div>\n<\/div>\n\n<div  class=\"content_row row default-style fullwidth fixed_heights border_grid fixed_heights animate-cols border-bottom\" >\n\t\n\t<div class=\"content_row_wrapper  align-contents content-align-middle default\" style=\"padding-top:45px;padding-bottom:45px;\">\n\t<div class=\"col col-xs-12 col-sm-8\">\n\t\t\t<div class=\"rt_heading_wrapper \" style=\"padding-bottom:0px;\">\n\t\t\t\t\t\t<h4 class=\"rt_heading  mobile_aligncenter \"  style=\"margin-bottom:0px;\"><\/h4>\n\t\t\t\t\t<\/div>\n\t<\/div>\n\n\t<div class=\"col col-xs-12 col-sm-4\">\n\t\t\t<div class=\"button_wrapper  aligncenter\"><a  href=\"#\" target=\"_self\" title=\"Discover\" class=\"button_  heading-font color medium\" style=\"font-size:18px;padding-left:50px;padding-right:50px;\"><span class=\"icon-new-attach-1\"><\/span>DISCOVER MORE<\/a><\/div>\n\t<\/div>\n<\/div>\n<\/div>\n\n<div  class=\"content_row row default-style fullwidth border_grid fixed_heights animate-cols\" >\n\t\n\t<div class=\"content_row_wrapper  default\" >\n\t<div class=\"col col-xs-12 col-sm-4\">\n\t\t\t<article   class=\"image-content-box content-box box-style-1 left\"><div class=\"text-holder\">\n\t<h4 class=\"heading\" >\n\t\t<a href=\"#\" title=\"Box Heading\" target=\"_self\" >\n\t\t\tBox Heading\n\t\t<\/a>\n\t<\/h4> Ut tristique sit amet ipsum nec bibendum. Suspendisse potenti. Nam non neque semper, consequat tellus quis, tincidunt lorem.<a class=\"read_more\" href=\"#\" title=\"details\" target=\"_self\" >details<\/a><\/div><\/article>\n\t<\/div>\n\n\t<div class=\"col col-xs-12 col-sm-4\">\n\t\t\t<article   class=\"image-content-box content-box box-style-1 left\"><div class=\"featured_image_holder\"><a href=\"#\" title=\"details\" target=\"_self\"><img decoding=\"async\" class=\"img-responsive\" src=\"https:\/\/www.hasmermozaik.com\/wp-content\/uploads\/2023\/01\/Screenshot_20220926-151138_WhatsApp.jpg\" alt=\"\" \/><\/a><\/div><div class=\"text-holder\">\n\t<h4 class=\"heading\" >\n\t\t<a href=\"#\" title=\"Box Heading\" target=\"_self\" >\n\t\t\tBox Heading\n\t\t<\/a>\n\t<\/h4> Ut tristique sit amet ipsum nec bibendum. Suspendisse potenti. Nam non neque semper, consequat tellus quis, tincidunt lorem.<a class=\"read_more\" href=\"#\" title=\"details\" target=\"_self\" >details<\/a><\/div><\/article>\n\t<\/div>\n\n\t<div class=\"col col-xs-12 col-sm-4\">\n\t\t\t<article   class=\"image-content-box content-box box-style-1 left\"><div class=\"featured_image_holder\"><a href=\"#\" title=\"details\" target=\"_self\"><img decoding=\"async\" class=\"img-responsive\" src=\"https:\/\/www.hasmermozaik.com\/wp-content\/uploads\/2021\/01\/untitled.png\" alt=\"\" \/><\/a><\/div><div class=\"text-holder\">\n\t<h4 class=\"heading\" >\n\t\t<a href=\"#\" title=\"Box Heading\" target=\"_self\" >\n\t\t\tBox Heading\n\t\t<\/a>\n\t<\/h4> Ut tristique sit amet ipsum nec bibendum. Suspendisse potenti. Nam non neque semper, consequat tellus quis, tincidunt lorem.<a class=\"read_more\" href=\"#\" title=\"details\" target=\"_self\" >details<\/a><\/div><\/article>\n\t<\/div>\n<\/div>\n<\/div>\n\n<div  class=\"content_row row alt-style-1 fullwidth border_grid fixed_heights animate-cols\" >\n\t\n\t<div class=\"content_row_wrapper  default\" style=\"padding-top:50px;padding-bottom:50px;\">\n\t<div class=\"col col-xs-12 col-sm-6\">\n\t\t\t<div class=\"rt_heading_wrapper style-6\">\n\t\t\t\t\t\t<h4 class=\"rt_heading  style-6\" ><span class=\"icon-glyph-2 heading_icon\"><\/span>Latest News<\/h4>\n\t\t\t\t\t<\/div><section class=\"latest_news clearfix style-1\"><article>\n\n\t\t\t\t\t<div class=\"date\">\n\t\t\t\t\t\t<span class=\"day\">29<\/span>\n\t\t\t\t\t\t<span class=\"year\">Ara 22<\/span>\n\t\t\t\t\t<\/div>\n\t\t\t\t\t\n\n\t\t\t\t\t<div class=\"text\">\n\t\t\t\t\t\t<h5 class=\"clean_heading\"><a class=\"title\" href=\"https:\/\/www.hasmermozaik.com\/?p=2894\" title=\"YEN\u0130 RES\u0130MLER\" rel=\"bookmark\">YEN\u0130 RES\u0130MLER<\/a><\/h5>\n\t\t\t\t\t\t<p>...<\/p>\n\t\t\t\t\t<\/div>\n\t\t\t\t\t\n<\/article>\n<article>\n\n\t\t\t\t\t<div class=\"date\">\n\t\t\t\t\t\t<span class=\"day\">26<\/span>\n\t\t\t\t\t\t<span class=\"year\">Oca 21<\/span>\n\t\t\t\t\t<\/div>\n\t\t\t\t\t\n\n\t\t\t\t\t<div class=\"text\">\n\t\t\t\t\t\t<h5 class=\"clean_heading\"><a class=\"title\" href=\"https:\/\/www.hasmermozaik.com\/?p=2745\" title=\"S\u0130NOPTA HAR\u0130KA B\u0130R \u015eEKERC\u0130 D\u00dcKKANINDA KAFE MASALARI\" rel=\"bookmark\">S\u0130NOPTA HAR\u0130KA B\u0130R \u015eEKERC\u0130 D\u00dcKKANINDA KAFE MASALARI<\/a><\/h5>\n\t\t\t\t\t\t<p>...<\/p>\n\t\t\t\t\t<\/div>\n\t\t\t\t\t\n<\/article>\n<article>\n\n\t\t\t\t\t<div class=\"date\">\n\t\t\t\t\t\t<span class=\"day\">25<\/span>\n\t\t\t\t\t\t<span class=\"year\">May 20<\/span>\n\t\t\t\t\t<\/div>\n\t\t\t\t\t\n\n\t\t\t\t\t<div class=\"text\">\n\t\t\t\t\t\t<h5 class=\"clean_heading\"><a class=\"title\" href=\"https:\/\/www.hasmermozaik.com\/?p=2688\" title=\"D\u00d6VME MOZA\u0130K\" rel=\"bookmark\">D\u00d6VME MOZA\u0130K<\/a><\/h5>\n\t\t\t\t\t\t<p>...<\/p>\n\t\t\t\t\t<\/div>\n\t\t\t\t\t\n<\/article>\n<\/section>\n\t<\/div>\n\n\t<div class=\"col col-xs-12 col-sm-6\">\n\t\t\t<div class=\"rt_heading_wrapper style-6\">\n\t\t\t\t\t\t<h4 class=\"rt_heading  style-6\" ><span class=\"icon-glyph-15 heading_icon\"><\/span>Features You&#8217;ll Love!<\/h4>\n\t\t\t\t\t<\/div>\n\t<div id=\"\" class=\"rt_text_column rt_content_element \">\n\t\tUt tristique sit amet ipsum nec <a href=\"#\">bibendum<\/a>. Suspendisse potenti. Nam non neque semper, consequat tellus quis, tincidunt lorem.\n\t<\/div>\n<div  class=\"rt-toggle \"><ol><li  class=\"\"><div class=\"toggle-head\"><div class=\"toggle-number\">1<\/div><div class=\"toggle-title\">Responsive Design<\/div><\/div><div class=\"toggle-content\">\n\t<div id=\"\" class=\"rt_text_column rt_content_element \">\n\t\tRT-Theme 19 has been designed to fit the screens of all popular devices such as tablets, smart phones and regular computers. You can test it by resizing your browser window.\n\t<\/div>\n\n<\/div><\/li><li  class=\"\"><div class=\"toggle-head\"><div class=\"toggle-number\">2<\/div><div class=\"toggle-title\">Theme Customizer<\/div><\/div><div class=\"toggle-content\">\n\t<div id=\"\" class=\"rt_text_column rt_content_element \">\n\t\tCustomize colors, backgrounds, fonts, etc. and create your own color scheme by using the theme customizer panel. Or, select one of the 5 pre-made skins, customize them before save and publish your website.\n\t<\/div>\n\n<\/div><\/li><li  class=\"\"><div class=\"toggle-head\"><div class=\"toggle-number\">3<\/div><div class=\"toggle-title\">Drag &amp; Drop Page Builder<\/div><\/div><div class=\"toggle-content\">\n\t<div id=\"\" class=\"rt_text_column rt_content_element \">\n\t\tTheme comes with Visual Composer drag &amp; drop page builder. You can create complex page layouts easily by using this plugin. We also created <strong>35 new<\/strong> modules for Visual Composer to make it much powerful.\n\t<\/div>\n\n<\/div><\/li><li  class=\"\"><div class=\"toggle-head\"><div class=\"toggle-number\">4<\/div><div class=\"toggle-title\">Individual Styling<\/div><\/div><div class=\"toggle-content\">\n\t<div id=\"\" class=\"rt_text_column rt_content_element \">\n\t\tYou can customize body, header, left side, right side and footer of each page independently.\n\t<\/div>\n\n<\/div><\/li><li  class=\"\"><div class=\"toggle-head\"><div class=\"toggle-number\">5<\/div><div class=\"toggle-title\">Product Catalog or Shop<\/div><\/div><div class=\"toggle-content\">\n\t<div id=\"\" class=\"rt_text_column rt_content_element \">\n\t\tWith our embedded Product Showcase tools you can showcase your products or services. With this very extendable tool, you are free to create a product catalog or service list such as tours etc. with nested categories.<\/p>\n<p>If you would like to sell your products online via various payment systems or mail order, you can install the free WooCommerce plugin. The theme not only supports the plugin it also promise a professional looking online store.\n\t<\/div>\n\n<\/div><\/li><\/ol><\/div>\n\t<\/div>\n<\/div>\n<\/div>\n\n<div  class=\"content_row row default-style fullwidth border_grid fixed_heights animate-cols\" >\n\t\n\t<div class=\"content_row_wrapper  default\" style=\"padding-top:60px;padding-bottom:60px;\">\n\t<div class=\"col col-xs-12 col-sm-12\">\n\t\t\t<div class=\"rt_heading_wrapper style-4\">\n\t\t\t\t\t\t<span class=\"punchline\">JUST ARRIVED<\/span><h4 class=\"rt_heading  with_punchline style-4\" >OUR NEWEST PRODUCTS<\/h4>\n\t\t\t\t\t<\/div>\n\t<div id=\"\" class=\"rt_text_column rt_content_element \">\n\t\t\n<p style=\"text-align: center;\">Phasellus pellentesque urna quis felis laoreet vestibulum. Fusce gravida sit amet massa eu lobortis. Quisque <a href=\"#\">hendrerit<\/a> nisi a imperdiet congue.<\/p>\n\n\t<\/div>\n<a  href=\"#\" target=\"_self\" title=\"See All Products\" class=\"read_more  text small aligncenter\">See All Products<\/a>[vc_empty_space height=&#8221;62px&#8221;]\r\n\t\t\t\t<div id=\"slider-product-dynamicID-945920\" class=\"rt-carousel rt-image-carousel carousel-holder clearfix product-carousel\" data-item-width=\"3\" data-nav=\"false\" data-dots=\"true\" data-margin=\"25\" data-autoplay=\"false\" data-timeout=\"5000\" data-loop=\"false\" data-tablet-item-width=\"\" data-mobile-item-width=\"1\">\r\n\t\t\t\t\t<div class=\"owl-carousel\">\r\n\t\t\t\t\t\t<div><div class=\"product_item_holder item product  dortgen-mozaikler mozaikler\">\n\n<div class=\"product_item_holder\">\n\n\t\t\t<div class=\"featured_image\"> \n\t\t\t<!-- product image -->\n\t\t\t<div class=\"featured_image\"> \n\t\t\t\t<a href=\"https:\/\/www.hasmermozaik.com\/?products=hmk8\" title=\"HMK8\" rel=\"bookmark\" class=\"imgeffect link\"><img decoding=\"async\" src=\"https:\/\/www.hasmermozaik.com\/wp-content\/uploads\/2023\/01\/HMK8--400x300.jpg\" alt=\"\" class=\"\" \/><\/a> \n\t\t\t<\/div> \n\t\t<\/div> \n\t\n\n\t\n\t\t\t\t\t\t\n\t\t<div class=\"product_info\">\n\n\t\t\t\t\t\t\t\t<!-- title-->\n\t\t\t\t<h5 class=\"clean_heading\"><a href=\"https:\/\/www.hasmermozaik.com\/?products=hmk8\" title=\"HMK8\" rel=\"bookmark\">HMK8<\/a><\/h5>\n\t\t\t\t\n\t\t\t\t<!-- text-->\n\t\t\t\t\n\t\t\t\t<div class=\"product_info_footer clearfix\"><div class=\"action_buttons\"><a href=\"https:\/\/www.hasmermozaik.com\/?products=hmk8\" title=\"HMK8\" class=\"details icon-angle-right\">Details<\/a><\/div><\/div> \t\t\n\n\t\t<\/div>\n\t\t\n\n\t\n<\/div><\/div>\n<\/div><div><div class=\"product_item_holder item product  dortgen-mozaikler mozaikler\">\n\n<div class=\"product_item_holder\">\n\n\t\t\t<div class=\"featured_image\"> \n\t\t\t<!-- product image -->\n\t\t\t<div class=\"featured_image\"> \n\t\t\t\t<a href=\"https:\/\/www.hasmermozaik.com\/?products=hmk7\" title=\"HMK7\" rel=\"bookmark\" class=\"imgeffect link\"><img decoding=\"async\" src=\"https:\/\/www.hasmermozaik.com\/wp-content\/uploads\/2023\/01\/HMK7--400x300.jpg\" alt=\"\" class=\"\" \/><\/a> \n\t\t\t<\/div> \n\t\t<\/div> \n\t\n\n\t\n\t\t\t\t\t\t\n\t\t<div class=\"product_info\">\n\n\t\t\t\t\t\t\t\t<!-- title-->\n\t\t\t\t<h5 class=\"clean_heading\"><a href=\"https:\/\/www.hasmermozaik.com\/?products=hmk7\" title=\"HMK7\" rel=\"bookmark\">HMK7<\/a><\/h5>\n\t\t\t\t\n\t\t\t\t<!-- text-->\n\t\t\t\t\n\t\t\t\t<div class=\"product_info_footer clearfix\"><div class=\"action_buttons\"><a href=\"https:\/\/www.hasmermozaik.com\/?products=hmk7\" title=\"HMK7\" class=\"details icon-angle-right\">Details<\/a><\/div><\/div> \t\t\n\n\t\t<\/div>\n\t\t\n\n\t\n<\/div><\/div>\n<\/div><div><div class=\"product_item_holder item product  dortgen-mozaikler mozaikler\">\n\n<div class=\"product_item_holder\">\n\n\t\t\t<div class=\"featured_image\"> \n\t\t\t<!-- product image -->\n\t\t\t<div class=\"featured_image\"> \n\t\t\t\t<a href=\"https:\/\/www.hasmermozaik.com\/?products=hmk6\" title=\"HMK6\" rel=\"bookmark\" class=\"imgeffect link\"><img decoding=\"async\" src=\"https:\/\/www.hasmermozaik.com\/wp-content\/uploads\/2023\/01\/HMK6-400x300.jpg\" alt=\"\" class=\"\" \/><\/a> \n\t\t\t<\/div> \n\t\t<\/div> \n\t\n\n\t\n\t\t\t\t\t\t\n\t\t<div class=\"product_info\">\n\n\t\t\t\t\t\t\t\t<!-- title-->\n\t\t\t\t<h5 class=\"clean_heading\"><a href=\"https:\/\/www.hasmermozaik.com\/?products=hmk6\" title=\"HMK6\" rel=\"bookmark\">HMK6<\/a><\/h5>\n\t\t\t\t\n\t\t\t\t<!-- text-->\n\t\t\t\t\n\t\t\t\t<div class=\"product_info_footer clearfix\"><div class=\"action_buttons\"><a href=\"https:\/\/www.hasmermozaik.com\/?products=hmk6\" title=\"HMK6\" class=\"details icon-angle-right\">Details<\/a><\/div><\/div> \t\t\n\n\t\t<\/div>\n\t\t\n\n\t\n<\/div><\/div>\n<\/div><div><div class=\"product_item_holder item product  dortgen-mozaikler mozaikler\">\n\n<div class=\"product_item_holder\">\n\n\t\t\t<div class=\"featured_image\"> \n\t\t\t<!-- product image -->\n\t\t\t<div class=\"featured_image\"> \n\t\t\t\t<a href=\"https:\/\/www.hasmermozaik.com\/?products=hmk5\" title=\"HMK5\" rel=\"bookmark\" class=\"imgeffect link\"><img decoding=\"async\" src=\"https:\/\/www.hasmermozaik.com\/wp-content\/uploads\/2023\/01\/HMK5--400x300.jpg\" alt=\"\" class=\"\" \/><\/a> \n\t\t\t<\/div> \n\t\t<\/div> \n\t\n\n\t\n\t\t\t\t\t\t\n\t\t<div class=\"product_info\">\n\n\t\t\t\t\t\t\t\t<!-- title-->\n\t\t\t\t<h5 class=\"clean_heading\"><a href=\"https:\/\/www.hasmermozaik.com\/?products=hmk5\" title=\"HMK5\" rel=\"bookmark\">HMK5<\/a><\/h5>\n\t\t\t\t\n\t\t\t\t<!-- text-->\n\t\t\t\t\n\t\t\t\t<div class=\"product_info_footer clearfix\"><div class=\"action_buttons\"><a href=\"https:\/\/www.hasmermozaik.com\/?products=hmk5\" title=\"HMK5\" class=\"details icon-angle-right\">Details<\/a><\/div><\/div> \t\t\n\n\t\t<\/div>\n\t\t\n\n\t\n<\/div><\/div>\n<\/div><div><div class=\"product_item_holder item product  dortgen-mozaikler mozaikler\">\n\n<div class=\"product_item_holder\">\n\n\t\t\t<div class=\"featured_image\"> \n\t\t\t<!-- product image -->\n\t\t\t<div class=\"featured_image\"> \n\t\t\t\t<a href=\"https:\/\/www.hasmermozaik.com\/?products=hmk4\" title=\"HMK4\" rel=\"bookmark\" class=\"imgeffect link\"><img decoding=\"async\" src=\"https:\/\/www.hasmermozaik.com\/wp-content\/uploads\/2023\/01\/HMK4-copy-400x300.jpg\" alt=\"\" class=\"\" \/><\/a> \n\t\t\t<\/div> \n\t\t<\/div> \n\t\n\n\t\n\t\t\t\t\t\t\n\t\t<div class=\"product_info\">\n\n\t\t\t\t\t\t\t\t<!-- title-->\n\t\t\t\t<h5 class=\"clean_heading\"><a href=\"https:\/\/www.hasmermozaik.com\/?products=hmk4\" title=\"HMK4\" rel=\"bookmark\">HMK4<\/a><\/h5>\n\t\t\t\t\n\t\t\t\t<!-- text-->\n\t\t\t\t\n\t\t\t\t<div class=\"product_info_footer clearfix\"><div class=\"action_buttons\"><a href=\"https:\/\/www.hasmermozaik.com\/?products=hmk4\" title=\"HMK4\" class=\"details icon-angle-right\">Details<\/a><\/div><\/div> \t\t\n\n\t\t<\/div>\n\t\t\n\n\t\n<\/div><\/div>\n<\/div><div><div class=\"product_item_holder item product  dortgen-mozaikler mozaikler\">\n\n<div class=\"product_item_holder\">\n\n\t\t\t<div class=\"featured_image\"> \n\t\t\t<!-- product image -->\n\t\t\t<div class=\"featured_image\"> \n\t\t\t\t<a href=\"https:\/\/www.hasmermozaik.com\/?products=hmk3\" title=\"HMK3\" rel=\"bookmark\" class=\"imgeffect link\"><img decoding=\"async\" src=\"https:\/\/www.hasmermozaik.com\/wp-content\/uploads\/2023\/01\/HMK3-copy-400x300.jpg\" alt=\"\" class=\"\" \/><\/a> \n\t\t\t<\/div> \n\t\t<\/div> \n\t\n\n\t\n\t\t\t\t\t\t\n\t\t<div class=\"product_info\">\n\n\t\t\t\t\t\t\t\t<!-- title-->\n\t\t\t\t<h5 class=\"clean_heading\"><a href=\"https:\/\/www.hasmermozaik.com\/?products=hmk3\" title=\"HMK3\" rel=\"bookmark\">HMK3<\/a><\/h5>\n\t\t\t\t\n\t\t\t\t<!-- text-->\n\t\t\t\t\n\t\t\t\t<div class=\"product_info_footer clearfix\"><div class=\"action_buttons\"><a href=\"https:\/\/www.hasmermozaik.com\/?products=hmk3\" title=\"HMK3\" class=\"details icon-angle-right\">Details<\/a><\/div><\/div> \t\t\n\n\t\t<\/div>\n\t\t\n\n\t\n<\/div><\/div>\n<\/div>\r\n\t\t\t\t\t<\/div>\r\n\t\t\t\t\t\r\n\t\t\t\t<div id=\"slider-product-dynamicID-945920-dots\" class=\"dots-holder\">\r\n\t\t\t\t<\/div>\r\n\t\t\t\r\n\t\t\t\t<\/div>\r\n\t\t\t\n\t<\/div>\n<\/div>\n<\/div>\n\n<div  class=\"content_row row alt-style-1 fullwidth animate-cols\" >\n\t\n\t<div class=\"content_row_wrapper  default\" style=\"padding-top:160px;padding-bottom:0px;padding-left:0px;padding-right:0px;\">\n\t<div class=\"col col-xs-12 col-sm-12\" style=\"padding-top:60px;padding-bottom:20px;padding-left:40px;padding-right:40px;background-color: rgba(255,255,255,0.64);\">\n\t\t\t<div class=\"rt_heading_wrapper style-4\">\n\t\t\t\t\t\t<span class=\"punchline\">WHAT WE OFFER<\/span><h2 class=\"rt_heading  with_punchline style-4\" >KEY FEATURES OF RT-THEME 19<\/h2>\n\t\t\t\t\t<\/div>\n\t<\/div>\n<\/div>\n<\/div>\n\n<div  class=\"content_row row default-style fullwidth animate-cols\" >\n\t\n\t<div class=\"content_row_wrapper  align-contents content-align-middle default\" style=\"padding-top:40px;padding-bottom:40px;\">\n\t<div class=\"col col-xs-12 col-sm-6\">\n\t\t\t[vc_single_image image=&#8221;2539&#8243; img_size=&#8221;500X1000&#8243;]\n\t<\/div>\n\n\t<div class=\"col col-xs-12 col-sm-6\">\n\t\t\t\t \n\t\t<div  class=\"chained_contents style-2  left heading-font thick-border\" data-rt-animation-group=\"group\"  style=\"font-size:18px;\">\n\t\t\t \n\t\t<div  class=\"\" data-rt-animate=\"animate\" data-rt-animation-type=\"fadeInDown\">\n\t\t<span class=\"icon-rocket icon\"><\/span><div class=\"list-content\">Sed ullamcorper efficitur tortor eu consectetur. Etiam <strong>tincidunt<\/strong> nisi quis ex convallis, vitae accumsan massa aliquam<\/div>\n\t\t<\/div>\n\t\t \n\t\t<div  class=\"\" data-rt-animate=\"animate\" data-rt-animation-type=\"fadeInDown\">\n\t\t<span class=\"icon-new-video-1 icon\"><\/span><div class=\"list-content\">Fusce et nisl non neque sodales rhoncus quis congue tellus. Integer venenatis euismod accumsan.<\/div>\n\t\t<\/div>\n\t\t \n\t\t<div  class=\"\" data-rt-animate=\"animate\" data-rt-animation-type=\"fadeInDown\">\n\t\t<span class=\"icon-code icon\"><\/span><div class=\"list-content\">Nullam nec sem a metus fringilla mattis. In <a title=\"About Us\" href=\"https:\/\/rt19-demo7.rtthemes.com\/about-us-2\/\">rutrum et<\/a> ipsum sit amet volutpat? Quisque cursus ex a mollis pellentesque. Sed rutrum lorem eget metus pretium mollis.<\/div>\n\t\t<\/div>\n\t\t \n\t\t<div  class=\"\" data-rt-animate=\"animate\" data-rt-animation-type=\"fadeInDown\">\n\t\t<span class=\"icon-new-share-1 icon\"><\/span><div class=\"list-content\">Donec sit amet sapien porttitor, vestibulum dolor quis, interdum mi. Pellentesque egestas pulvinar tellus ut laoreet.<\/div>\n\t\t<\/div>\n\t\t \n\t\t<div  class=\"\" data-rt-animate=\"animate\" data-rt-animation-type=\"fadeInDown\">\n\t\t<span class=\"icon-home icon\"><\/span><div class=\"list-content\">Donec sit amet sapien porttitor, vestibulum dolor quis, interdum mi. Pellentesque egestas pulvinar tellus ut laoreet.<\/div>\n\t\t<\/div>\n\t\n\t\t<\/div>\n\t\n\t<\/div>\n<\/div>\n<\/div>\n\n<div  class=\"content_row row alt-style-2 fullwidth border_grid fixed_heights animate-cols\" >\n\t\n\t<div class=\"content_row_wrapper  default\" style=\"padding-top:60px;padding-bottom:60px;\">\n\t<div class=\"col col-xs-12 col-sm-12\">\n\t\t\t<div class=\"rt_heading_wrapper style-4\">\n\t\t\t\t\t\t<span class=\"punchline\">WHAT THEY ARE SAYING<\/span><h4 class=\"rt_heading  with_punchline style-4\" >TESTIMONIALS<\/h4>\n\t\t\t\t\t<\/div>\r\n\t\t\t\t<div id=\"slider-testimonial-dynamicID-662145\" class=\"rt-carousel rt-image-carousel carousel-holder clearfix testimonial-carousel testimonials center big\" data-item-width=\"1\" data-nav=\"true\" data-dots=\"false\" data-margin=\"15\" data-autoplay=\"false\" data-timeout=\"5000\" data-loop=\"false\" data-tablet-item-width=\"\" data-mobile-item-width=\"1\">\r\n\t\t\t\t\t<div class=\"owl-carousel\">\r\n\t\t\t\t\t\t<div><div class=\"testimonial item\">\n\n\n\n<div class=\"text \">\n\t<p>\n\t\t<span class=\"icon-quote-left\"><\/span>\n\t\t\t1979 y\u0131l\u0131ndan g\u00fcn\u00fcm\u00fcze uzanan bu yolda MOZA\u0130K,MERMER,GRAN\u0130T VE \u00c7\u0130MSTONE ileMermer,\u0130n\u015faat ve Mobilya sekt\u00f6r\u00fcnde \u00fcr\u00fcn ve uygulamalar\u0131yla hizmet etmektedir.\t\t<span class=\"icon-quote-right\"><\/span>\n\t<\/p>\n\t<div class=\"client_info\">\n\n\t\t\tErhan \u0130skendero\u011flu \n\t\t- <span>CEO<\/span>\t\t\n\t\t\t\t\t\n\t\t\n\n\t<\/div>\n<\/div><\/div>\n<\/div><div><div class=\"testimonial item\">\n\n\n\n<div class=\"text \">\n\t<p>\n\t\t<span class=\"icon-quote-left\"><\/span>\n\t\t\tIn enim justo, rhoncus ut, imperdiet a, venenatis vitae, justo. Nullam dictum felis eu pede mollis pretium. Integer tincidunt. Cras dapibus. Vivamus elementum semper nisi. Aenean vulputate eleifend tellus.\t\t<span class=\"icon-quote-right\"><\/span>\n\t<\/p>\n\t<div class=\"client_info\">\n\n\t\t\tWilliam Woe \n\t\t- <span>CEO<\/span>\t\t\n\t\t<a href=\"http:\/\/themeforest.net\" target=\"_blank\" title=\"ThemeForest\" class=\"client_link\">ThemeForest<\/a>\t\t\t\n\t\t\n\n\t<\/div>\n<\/div><\/div>\n<\/div><div><div class=\"testimonial item\">\n\n\n\n<div class=\"text \">\n\t<p>\n\t\t<span class=\"icon-quote-left\"><\/span>\n\t\t\tIn enim justo, rhoncus ut, imperdiet a, venenatis vitae, justo. Nullam dictum felis eu pede mollis pretium. Integer tincidunt. Cras dapibus. Vivamus elementum semper nisi. Aenean vulputate eleifend tellus.\t\t<span class=\"icon-quote-right\"><\/span>\n\t<\/p>\n\t<div class=\"client_info\">\n\n\t\t\tWilliam Woe \n\t\t- <span>CEO<\/span>\t\t\n\t\t<a href=\"http:\/\/themeforest.net\" target=\"_blank\" title=\"ThemeForest\" class=\"client_link\">ThemeForest<\/a>\t\t\t\n\t\t\n\n\t<\/div>\n<\/div><\/div>\n<\/div><div><div class=\"testimonial item\">\n\n\n\n<div class=\"text \">\n\t<p>\n\t\t<span class=\"icon-quote-left\"><\/span>\n\t\t\tDonec quam felis, ultricies nec, pellentesque eu, pretium quis, sem. Nulla consequat massa quis enim. Donec pede justo, fringilla vel, aliquet nec, vulputate eget, arcu.\t\t<span class=\"icon-quote-right\"><\/span>\n\t<\/p>\n\t<div class=\"client_info\">\n\n\t\t\tRobert Roe \n\t\t- <span>WordPress Specialist<\/span>\t\t\n\t\t<a href=\"http:\/\/envato.com\" target=\"_blank\" title=\"Envato\" class=\"client_link\">Envato<\/a>\t\t\t\n\t\t\n\n\t<\/div>\n<\/div><\/div>\n<\/div>\r\n\t\t\t\t\t<\/div>\r\n\t\t\t\t\t\r\n\t\t\t\t<\/div>\r\n\t\t\t\n\t<\/div>\n<\/div>\n<\/div>\n\n","protected":false},"excerpt":{"rendered":"","protected":false},"author":1,"featured_media":0,"parent":0,"menu_order":0,"comment_status":"open","ping_status":"open","template":"","meta":{"footnotes":""},"class_list":["post-3051","page","type-page","status-publish","hentry"],"_links":{"self":[{"href":"https:\/\/www.hasmermozaik.com\/index.php?rest_route=\/wp\/v2\/pages\/3051","targetHints":{"allow":["GET"]}}],"collection":[{"href":"https:\/\/www.hasmermozaik.com\/index.php?rest_route=\/wp\/v2\/pages"}],"about":[{"href":"https:\/\/www.hasmermozaik.com\/index.php?rest_route=\/wp\/v2\/types\/page"}],"author":[{"embeddable":true,"href":"https:\/\/www.hasmermozaik.com\/index.php?rest_route=\/wp\/v2\/users\/1"}],"replies":[{"embeddable":true,"href":"https:\/\/www.hasmermozaik.com\/index.php?rest_route=%2Fwp%2Fv2%2Fcomments&post=3051"}],"version-history":[{"count":3,"href":"https:\/\/www.hasmermozaik.com\/index.php?rest_route=\/wp\/v2\/pages\/3051\/revisions"}],"predecessor-version":[{"id":3269,"href":"https:\/\/www.hasmermozaik.com\/index.php?rest_route=\/wp\/v2\/pages\/3051\/revisions\/3269"}],"wp:attachment":[{"href":"https:\/\/www.hasmermozaik.com\/index.php?rest_route=%2Fwp%2Fv2%2Fmedia&parent=3051"}],"curies":[{"name":"wp","href":"https:\/\/api.w.org\/{rel}","templated":true}]}}