{"id":3666,"date":"2023-01-19T23:32:18","date_gmt":"2023-01-19T20:32:18","guid":{"rendered":"https:\/\/www.hasmermozaik.com\/?page_id=3666"},"modified":"2023-01-23T21:29:27","modified_gmt":"2023-01-23T18:29:27","slug":"gecmisten-gelen","status":"publish","type":"page","link":"https:\/\/www.hasmermozaik.com\/?page_id=3666","title":{"rendered":"GE\u00c7M\u0130\u015eTEN GELEN"},"content":{"rendered":"\n<div  class=\"content_row row default-style default\" >\n\t\n\t<div class=\"content_row_wrapper  \" >\n\t<div class=\"col col-xs-12 col-sm-12\">\n\t\t\t\n\t<\/div>\n<\/div>\n<\/div>\n\n<div  class=\"content_row row default-style default\" >\n\t\n\t<div class=\"content_row_wrapper  \" >\n\t<div class=\"col col-xs-12 col-sm-12\">\n\t\t\t\n\t<div id=\"\" class=\"rt_text_column rt_content_element \">\n\t\tBAH\u00c7E MOZA\u0130K MASALAR\n\t<\/div>\n[vc_gallery type=&#8221;image_grid&#8221; images=&#8221;3285,3284,3283,3282,3281,3280,3279&#8243; css=&#8221;.vc_custom_1674498335366{background-image: url(https:\/\/www.hasmermozaik.com\/wp-content\/uploads\/2023\/01\/IMG_3114-scaled.jpg?id=3283) !important;background-position: center !important;background-repeat: no-repeat !important;background-size: cover !important;border-radius: 3px !important;}&#8221;]\n\t<\/div>\n<\/div>\n<\/div>\n\n","protected":false},"excerpt":{"rendered":"","protected":false},"author":1,"featured_media":0,"parent":3051,"menu_order":0,"comment_status":"closed","ping_status":"closed","template":"","meta":{"footnotes":""},"class_list":["post-3666","page","type-page","status-publish","hentry"],"_links":{"self":[{"href":"https:\/\/www.hasmermozaik.com\/index.php?rest_route=\/wp\/v2\/pages\/3666","targetHints":{"allow":["GET"]}}],"collection":[{"href":"https:\/\/www.hasmermozaik.com\/index.php?rest_route=\/wp\/v2\/pages"}],"about":[{"href":"https:\/\/www.hasmermozaik.com\/index.php?rest_route=\/wp\/v2\/types\/page"}],"author":[{"embeddable":true,"href":"https:\/\/www.hasmermozaik.com\/index.php?rest_route=\/wp\/v2\/users\/1"}],"replies":[{"embeddable":true,"href":"https:\/\/www.hasmermozaik.com\/index.php?rest_route=%2Fwp%2Fv2%2Fcomments&post=3666"}],"version-history":[{"count":7,"href":"https:\/\/www.hasmermozaik.com\/index.php?rest_route=\/wp\/v2\/pages\/3666\/revisions"}],"predecessor-version":[{"id":3726,"href":"https:\/\/www.hasmermozaik.com\/index.php?rest_route=\/wp\/v2\/pages\/3666\/revisions\/3726"}],"up":[{"embeddable":true,"href":"https:\/\/www.hasmermozaik.com\/index.php?rest_route=\/wp\/v2\/pages\/3051"}],"wp:attachment":[{"href":"https:\/\/www.hasmermozaik.com\/index.php?rest_route=%2Fwp%2Fv2%2Fmedia&parent=3666"}],"curies":[{"name":"wp","href":"https:\/\/api.w.org\/{rel}","templated":true}]}}