{"id":862,"date":"2011-09-23T15:15:41","date_gmt":"2011-09-23T15:15:41","guid":{"rendered":"http:\/\/rttheme18.demo-rt.com\/?page_id=5"},"modified":"2023-01-17T21:56:22","modified_gmt":"2023-01-17T18:56:22","slug":"hakkimizda","status":"publish","type":"page","link":"https:\/\/www.hasmermozaik.com\/?page_id=862","title":{"rendered":"hakk\u0131m\u0131zda"},"content":{"rendered":"<div id=\"idTextPanel\">\n<h1 data-inline-fontsize=\"true\" data-inline-lineheight=\"true\" data-fontsize=\"20\" data-lineheight=\"30\">\u00a0 Hasmer\u00a0 Mozaik ve Mermer\u00a0 Sanayi<br \/>\n1979 y\u0131l\u0131ndan g\u00fcn\u00fcm\u00fcze uzanan bu yolda<\/h1>\n<h1 data-inline-fontsize=\"true\" data-inline-lineheight=\"true\" data-fontsize=\"20\" data-lineheight=\"30\">MOZA\u0130K,MERMER,GRAN\u0130T VE \u00c7\u0130MSTONE ile<\/h1>\n<h1 data-inline-fontsize=\"true\" data-inline-lineheight=\"true\" data-fontsize=\"20\" data-lineheight=\"30\">Mermer,\u0130n\u015faat ve Mobilya sekt\u00f6r\u00fcnde<\/h1>\n<h1 data-inline-fontsize=\"true\" data-inline-lineheight=\"true\" data-fontsize=\"20\" data-lineheight=\"30\">\u00fcr\u00fcn ve uygulamalar\u0131yla hizmet etmektedir.<\/h1>\n<div style=\"width: 852px;\" class=\"wp-video\"><video class=\"wp-video-shortcode\" id=\"video-862-1\" width=\"852\" height=\"480\" preload=\"metadata\" controls=\"controls\"><source type=\"video\/mp4\" src=\"http:\/\/www.hasmermozaik.com\/wp-content\/uploads\/2020\/04\/WhatsApp-Video-2020-04-13-at-10.43.31.mp4?_=1\" \/><a href=\"http:\/\/www.hasmermozaik.com\/wp-content\/uploads\/2020\/04\/WhatsApp-Video-2020-04-13-at-10.43.31.mp4\">http:\/\/www.hasmermozaik.com\/wp-content\/uploads\/2020\/04\/WhatsApp-Video-2020-04-13-at-10.43.31.mp4<\/a><\/video><\/div>\n<h1 data-inline-fontsize=\"true\" data-inline-lineheight=\"true\" data-fontsize=\"20\" data-lineheight=\"30\"><\/h1>\n<blockquote>\n<h1 data-inline-fontsize=\"true\" data-inline-lineheight=\"true\" data-fontsize=\"20\" data-lineheight=\"30\">MOZA\u0130K \u00dcR\u00dcNLER:Mozaik masa ve sehpalar,<\/h1>\n<h1 data-inline-fontsize=\"true\" data-inline-lineheight=\"true\" data-fontsize=\"20\" data-lineheight=\"30\">yer madalyon ve g\u00f6bekleri,dekoratif \u00fcr\u00fcnler<\/h1>\n<h1 data-inline-fontsize=\"true\" data-inline-lineheight=\"true\" data-fontsize=\"20\" data-lineheight=\"30\">\u0130N\u015eAAT UYGULAMALARI:Mutfak ve banyo mermerleri,<\/h1>\n<h1 data-inline-fontsize=\"true\" data-inline-lineheight=\"true\" data-fontsize=\"20\" data-lineheight=\"30\">dekoratif yer d\u00f6\u015femeleri.<\/h1>\n<\/blockquote>\n<\/div>\n","protected":false},"excerpt":{"rendered":"<p>\u00a0 Hasmer\u00a0 Mozaik ve Mermer\u00a0 Sanayi 1979 y\u0131l\u0131ndan g\u00fcn\u00fcm\u00fcze uzanan bu yolda MOZA\u0130K,MERMER,GRAN\u0130T VE \u00c7\u0130MSTONE ile Mermer,\u0130n\u015faat ve Mobilya sekt\u00f6r\u00fcnde \u00fcr\u00fcn ve uygulamalar\u0131yla hizmet etmektedir. MOZA\u0130K \u00dcR\u00dcNLER:Mozaik masa ve sehpalar, yer madalyon ve g\u00f6bekleri,dekoratif \u00fcr\u00fcnler \u0130N\u015eAAT UYGULAMALARI:Mutfak ve banyo mermerleri, dekoratif yer d\u00f6\u015femeleri.<\/p>\n","protected":false},"author":1,"featured_media":0,"parent":0,"menu_order":0,"comment_status":"open","ping_status":"open","template":"","meta":{"footnotes":""},"class_list":["post-862","page","type-page","status-publish","hentry"],"_links":{"self":[{"href":"https:\/\/www.hasmermozaik.com\/index.php?rest_route=\/wp\/v2\/pages\/862","targetHints":{"allow":["GET"]}}],"collection":[{"href":"https:\/\/www.hasmermozaik.com\/index.php?rest_route=\/wp\/v2\/pages"}],"about":[{"href":"https:\/\/www.hasmermozaik.com\/index.php?rest_route=\/wp\/v2\/types\/page"}],"author":[{"embeddable":true,"href":"https:\/\/www.hasmermozaik.com\/index.php?rest_route=\/wp\/v2\/users\/1"}],"replies":[{"embeddable":true,"href":"https:\/\/www.hasmermozaik.com\/index.php?rest_route=%2Fwp%2Fv2%2Fcomments&post=862"}],"version-history":[{"count":11,"href":"https:\/\/www.hasmermozaik.com\/index.php?rest_route=\/wp\/v2\/pages\/862\/revisions"}],"predecessor-version":[{"id":3416,"href":"https:\/\/www.hasmermozaik.com\/index.php?rest_route=\/wp\/v2\/pages\/862\/revisions\/3416"}],"wp:attachment":[{"href":"https:\/\/www.hasmermozaik.com\/index.php?rest_route=%2Fwp%2Fv2%2Fmedia&parent=862"}],"curies":[{"name":"wp","href":"https:\/\/api.w.org\/{rel}","templated":true}]}}